{"id":55,"date":"2014-09-30T02:56:41","date_gmt":"2014-09-30T02:56:41","guid":{"rendered":"https:\/\/themify.me\/demo\/themes\/parallax\/?page_id=2366"},"modified":"2020-08-11T17:35:26","modified_gmt":"2020-08-11T17:35:26","slug":"home","status":"publish","type":"page","link":"https:\/\/eskimoflip.de\/","title":{"rendered":"Home"},"content":{"rendered":"<!-- wp:themify-builder\/canvas \/--><!--themify_builder_static--><h2 style=\"text-align: center;\">Wat spieln se so?<\/h2> <h3 style=\"text-align: center;\">Deutschsprachige S\u00e4nger-Liedschreiber-Popmusik<\/h3>\n<img src=\"https:\/\/eskimoflip.de\/wp-content\/uploads\/2020\/01\/Icon-Lustig.png\" alt=\"Das lustige Lied\" \/> \n \n <h3> Das lustige Lied <\/h3> <p>Mal ironisch, fast zynisch, mal etwas abwegig, so sollte es in einem lustigen Lied von uns zugehen.<\/p>\n<img src=\"https:\/\/eskimoflip.de\/wp-content\/uploads\/2020\/01\/Icon-Traurig.png\" alt=\"Das melancholische Lied\" \/> \n \n <h3> Das melancholische Lied <\/h3> <p>Emotion vor allem anderen; Das weltschmerzumfassende St\u00fcck versucht alle Druckstellen im Herz ausfindig zu machen und entsprechend zu bedienen&#8230;<\/p>\n<img src=\"https:\/\/eskimoflip.de\/wp-content\/uploads\/2020\/01\/Icon-Totenkopf.png\" alt=\"Das politische Lied\" \/> \n \n <h3> Das politische Lied <\/h3> <p>Eines, welches sich mit den uns umgebenden politischen Ereignissen und gesellschaftlichen Zusammenh\u00e4ngen besch\u00e4ftigt, kommentierend, mahnend, zweifelnd&#8230;<\/p>\n<img src=\"https:\/\/eskimoflip.de\/wp-content\/uploads\/2020\/01\/Icon-Alien.png\" alt=\"Das textlose Lied\" \/> \n \n <h3> Das textlose Lied <\/h3> <p>Als reines Musikst\u00fcck, welches ausschlie\u00dflich konzeptionell und nicht etwas umst\u00e4ndehalber ohne Text dargeboten wird &#8211; wird es bei uns kaum zu finden sein.<\/p>\n<h2 style=\"text-align: center;\">Kurze Pause &#8211; kurz atmen.<\/h2> <h3 style=\"text-align: center;\">Die Seite geht noch weiter<\/h3>\n<h2 style=\"text-align: center;\">Bissl was f\u00fcr&#8217;s Auge und die Ohren<\/h2> <h3 style=\"text-align: center;\">Text, Bild und Ton<\/h3> <h3 style=\"text-align: center;\">k\u00f6nnten sich lohnen!<\/h3>\n<div data-lazy=\"1\" class=\"loops-wrapper shortcode portfolio grid4 tf_clear\">\n<article id=\"post-83\" class=\"post tf_clearfix portfolio-post post-83 portfolio type-portfolio status-publish has-post-thumbnail hentry portfolio-category-photos has-post-title no-post-date has-post-category has-post-tag has-post-comment has-post-author \">\n\t\n\t\t\t\t\t\t<figure class=\"post-image\">\n\t\t\t\t                            <a href=\"https:\/\/eskimoflip.de\/?portfolio=white-horse\" class=\"porto-expand-js\" data-post-id='83'>\n                        <img loading=\"lazy\" src=\"https:\/\/eskimoflip.de\/wp-content\/uploads\/2020\/01\/Coutryman-06-1024x768-222x175.jpeg\" width=\"222\" height=\"175\" class=\"wp-post-image wp-image-358\" title=\"Coutryman 06\" alt=\"Coutryman 06\">                <\/a>\n        \t\t\t<\/figure>\n\t\t\t\t\t\n\t<div class=\"post-content\">\n\t\t\t\t<h2 class=\"post-title entry-title\"><a href=\"https:\/\/eskimoflip.de\/?portfolio=white-horse\" class=\"porto-expand-js\" >Mehr als zwei Saiten<\/a><\/h2>\n\t\t\n\t\t\t<div class=\"entry-content\">\n\n        \n\t<\/div><!-- \/.entry-content -->\n\t\n\t<\/div>\n\t<!-- \/.post-content -->\n\t\n<\/article>\n<!-- \/.post -->\n\n<article id=\"post-84\" class=\"post tf_clearfix portfolio-post post-84 portfolio type-portfolio status-publish has-post-thumbnail hentry portfolio-category-photos has-post-title no-post-date has-post-category has-post-tag has-post-comment has-post-author \">\n\t\n\t\t\t\t\t\t<figure class=\"post-image\">\n\t\t\t\t                            <a href=\"https:\/\/eskimoflip.de\/?portfolio=outside\" class=\"porto-expand-js\" data-post-id='84'>\n                        <img loading=\"lazy\" src=\"https:\/\/eskimoflip.de\/wp-content\/uploads\/2020\/01\/Coutryman-03-1024x768-222x175.jpeg\" width=\"222\" height=\"175\" class=\"wp-post-image wp-image-361\" title=\"Coutryman 03\" alt=\"Coutryman 03\">                <\/a>\n        \t\t\t<\/figure>\n\t\t\t\t\t\n\t<div class=\"post-content\">\n\t\t\t\t<h2 class=\"post-title entry-title\"><a href=\"https:\/\/eskimoflip.de\/?portfolio=outside\" class=\"porto-expand-js\" >Teamwork<\/a><\/h2>\n\t\t\n\t\t\t<div class=\"entry-content\">\n\n        \n\t<\/div><!-- \/.entry-content -->\n\t\n\t<\/div>\n\t<!-- \/.post-content -->\n\t\n<\/article>\n<!-- \/.post -->\n\n<article id=\"post-85\" class=\"post tf_clearfix portfolio-post post-85 portfolio type-portfolio status-publish has-post-thumbnail hentry portfolio-category-photos has-post-title no-post-date has-post-category has-post-tag has-post-comment has-post-author \">\n\t\n\t\t\t\t\t<div class=\"post-image\">\n\t\t\t\t\t\t<div class=\"slider\">\n\t\t\t\t<div data-lazy=\"1\" data-auto=\"4000\" data-effect=\"slide\" data-speed=\"0.5\" data-wrapvar=\"1\" class=\"slides tf_carousel tf_swiper-container tf_overflow tf_rel\">\n                    <div class=\"tf_swiper-wrapper tf_lazy tf_rel tf_w tf_h\">\n                    \t\t\t\t\t\t<div class=\"tf_swiper-slide\">\n\t\t\t\t\t\t\t                                \t\t\t\t\t\t\t\t<a href=\"https:\/\/eskimoflip.de\/?portfolio=gallery-slider\" class=\"porto-expand-js\" data-post-id='85'>\n\t\t\t\t\t\t\t\t\t<img loading=\"lazy\" src=\"https:\/\/eskimoflip.de\/wp-content\/uploads\/2020\/01\/PlugBox-1024x768-222x175.jpeg\" width=\"222\" height=\"175\" class=\"wp-post-image wp-image-352\" title=\"PlugBox\" alt=\"PlugBox\">\t\t\t\t\t\t\t\t\t\t\t\t\t\t\t\t\t<\/a>\n\t\t\t\t\t\t\t\t\t\t\t\t\t\t\t\t\t\t\t\t<\/div>\n\t\t\t\t\t\t\t\t\t\t\t<div class=\"tf_swiper-slide\">\n\t\t\t\t\t\t\t                                \t\t\t\t\t\t\t\t<a href=\"https:\/\/eskimoflip.de\/?portfolio=gallery-slider\" class=\"porto-expand-js\" data-post-id='85'>\n\t\t\t\t\t\t\t\t\t<img loading=\"lazy\" src=\"https:\/\/eskimoflip.de\/wp-content\/uploads\/2020\/02\/1000x1000_VOX-222x175.jpg\" width=\"222\" height=\"175\" class=\"wp-post-image wp-image-434\" title=\"1000x1000_VOX\" alt=\"1000x1000_VOX\">\t\t\t\t\t\t\t\t\t\t\t\t\t\t\t\t\t<\/a>\n\t\t\t\t\t\t\t\t\t\t\t\t\t\t\t\t\t\t\t\t<\/div>\n\t\t\t\t\t\t\t\t\t\t\t<div class=\"tf_swiper-slide\">\n\t\t\t\t\t\t\t                                \t\t\t\t\t\t\t\t<a href=\"https:\/\/eskimoflip.de\/?portfolio=gallery-slider\" class=\"porto-expand-js\" data-post-id='85'>\n\t\t\t\t\t\t\t\t\t<img loading=\"lazy\" src=\"https:\/\/eskimoflip.de\/wp-content\/uploads\/2020\/01\/Schlagwerk-02-1024x768-222x175.jpeg\" width=\"222\" height=\"175\" class=\"wp-post-image wp-image-354\" title=\"Schlagwerk 02\" alt=\"Schlagwerk 02\">\t\t\t\t\t\t\t\t\t\t\t\t\t\t\t\t\t<\/a>\n\t\t\t\t\t\t\t\t\t\t\t\t\t\t\t\t\t\t\t\t<\/div>\n\t\t\t\t\t\t\t\t\t\t\t<div class=\"tf_swiper-slide\">\n\t\t\t\t\t\t\t                                \t\t\t\t\t\t\t\t<a href=\"https:\/\/eskimoflip.de\/?portfolio=gallery-slider\" class=\"porto-expand-js\" data-post-id='85'>\n\t\t\t\t\t\t\t\t\t<img loading=\"lazy\" src=\"https:\/\/eskimoflip.de\/wp-content\/uploads\/2020\/01\/Terence-01-1024x768-222x175.jpeg\" width=\"222\" height=\"175\" class=\"wp-post-image wp-image-355\" title=\"Terence 01\" alt=\"Terence 01\">\t\t\t\t\t\t\t\t\t\t\t\t\t\t\t\t\t<\/a>\n\t\t\t\t\t\t\t\t\t\t\t\t\t\t\t\t\t\t\t\t<\/div>\n\t\t\t\t\t\t\t\t\t\t\t<div class=\"tf_swiper-slide\">\n\t\t\t\t\t\t\t                                \t\t\t\t\t\t\t\t<a href=\"https:\/\/eskimoflip.de\/?portfolio=gallery-slider\" class=\"porto-expand-js\" data-post-id='85'>\n\t\t\t\t\t\t\t\t\t<img loading=\"lazy\" src=\"https:\/\/eskimoflip.de\/wp-content\/uploads\/2020\/01\/Becken_Che-1024x768-222x175.jpeg\" width=\"222\" height=\"175\" class=\"wp-post-image wp-image-356\" title=\"Becken_Che\" alt=\"Becken_Che\">\t\t\t\t\t\t\t\t\t\t\t\t\t\t\t\t\t<\/a>\n\t\t\t\t\t\t\t\t\t\t\t\t\t\t\t\t\t\t\t\t<\/div>\n\t\t\t\t\t                    <\/div>\n                <\/div>\n\t\t\t<\/div>\n\t\t<\/div>\n\t\n\t<div class=\"post-content\">\n\t\t\t\t<h2 class=\"post-title entry-title\"><a href=\"https:\/\/eskimoflip.de\/?portfolio=gallery-slider\" class=\"porto-expand-js\" >&#8217;n paar Bilder<\/a><\/h2>\n\t\t\n\t\t\t<div class=\"entry-content\">\n\n        \n\t<\/div><!-- \/.entry-content -->\n\t\n\t<\/div>\n\t<!-- \/.post-content -->\n\t\n<\/article>\n<!-- \/.post -->\n\n<article id=\"post-86\" class=\"post tf_clearfix portfolio-post post-86 portfolio type-portfolio status-publish has-post-thumbnail hentry portfolio-category-photos portfolio-category-video has-post-title no-post-date has-post-category has-post-tag has-post-comment has-post-author \">\n\t\n\t\t\t\t\t\t<figure class=\"post-image\">\n\t\t\t\t                            <a href=\"https:\/\/youtu.be\/fdEJsIwkp_s\" class=\"themify_lightbox\">\n                        <img loading=\"lazy\" src=\"https:\/\/eskimoflip.de\/wp-content\/uploads\/2020\/01\/SPUTNIKeins-fotografie_042-1024x678-222x175.jpg\" width=\"222\" height=\"175\" class=\"wp-post-image wp-image-10\" title=\"Startbild Jan 2020\" alt=\"er l\u00e4uft, Koffer bleibt\">                <\/a>\n        \t\t\t<\/figure>\n\t\t\t\t\t\n\t<div class=\"post-content\">\n\t\t\t\t<h2 class=\"post-title entry-title\"><a href=\"https:\/\/youtu.be\/fdEJsIwkp_s\" class=\"themify_lightbox\" >Musikvideos<\/a><\/h2>\n\t\t\n\t\t\t<div class=\"entry-content\">\n\n        \n\t<\/div><!-- \/.entry-content -->\n\t\n\t<\/div>\n\t<!-- \/.post-content -->\n\t\n<\/article>\n<!-- \/.post -->\n<\/div>\n<a href=\"https:\/\/eskimoflip.de\/?page_id=496\" > Songtextausz\u00fcge <\/a>\n<h4 style=\"text-align: center;\"><strong>Booking!<\/strong><\/h4> <h2 style=\"text-align: center;\">Wir spielen vielleicht mal wieder ein Konzert.<\/h2> <h3 style=\"text-align: center;\">Wer sich jetzt und hier Bereit erkl\u00e4rt, sich in der Riege der Eskimoflip-Fans der ersten Stunde einzureihen, uns auf dem Weg nach ganz oben, aber vor allem auch auf dem Weg zur\u00fcck nach hier unten die Treue zu halten, den k\u00f6nnten wir sicherlich mit etwas Live-Musik bedenken&#8230;.<\/h3>\n<p>Am Besten Ihr schreibt uns kurzerhand an unsere\u00a0<strong><a href=\"mailto:info@eskimoflip.de\">Eskimoflip Bandmail<\/a><\/strong><\/p>\n<h2 style=\"text-align: center;\">Aktuelle Bandparameter<\/h2> <h3 style=\"text-align: center;\">Mehrfach t\u00e4glich via Real Time Musician Live Detection System (&#8222;RTMLDS&#8220;) ermittelt:<\/h3>\n<div class=\"progress-bar tf_rel tf_textl\">\n\t\t\t\t\t<i class=\"progress-bar-label\" style=\"color:#000000;\">Melancholie<\/i>\n\t\t\t\t\t<span class=\"progress-bar-bg\" data-percent=\"35%\" style=\"background-color:#000000;width:35%;\"><\/span>\n\t\t\t\t<\/div> <div class=\"progress-bar tf_rel tf_textl\">\n\t\t\t\t\t<i class=\"progress-bar-label\" style=\"color:#8d69c6;\">Probelevel<\/i>\n\t\t\t\t\t<span class=\"progress-bar-bg\" data-percent=\"65%\" style=\"background-color:#8d69c6;width:65%;\"><\/span>\n\t\t\t\t<\/div> <div class=\"progress-bar tf_rel tf_textl\">\n\t\t\t\t\t<i class=\"progress-bar-label\" style=\"color:#fffa61;\">Orchestralit\u00e4t<\/i>\n\t\t\t\t\t<span class=\"progress-bar-bg\" data-percent=\"3%\" style=\"background-color:#fffa61;width:3%;\"><\/span>\n\t\t\t\t<\/div> <div class=\"progress-bar tf_rel tf_textl\">\n\t\t\t\t\t<i class=\"progress-bar-label\" style=\"color:#ff612a;\">Songwriting<\/i>\n\t\t\t\t\t<span class=\"progress-bar-bg\" data-percent=\"85%\" style=\"background-color:#ff612a;width:85%;\"><\/span>\n\t\t\t\t<\/div> <div class=\"progress-bar tf_rel tf_textl\">\n\t\t\t\t\t<i class=\"progress-bar-label\" style=\"color:#ff0000;\">Spa\u00dflevel<\/i>\n\t\t\t\t\t<span class=\"progress-bar-bg\" data-percent=\"100%\" style=\"background-color:#ff0000;width:100%;\"><\/span>\n\t\t\t\t<\/div>\n<h2 style=\"text-align: center;\">Die Band<\/h2> <h3 style=\"text-align: center;\">besteht aktuell aus folgenden Mitgliedern:<\/h3>\n<div data-lazy=\"1\" class=\"loops-wrapper shortcode team grid4 tf_clear\">\n<article id=\"team-101\" class=\"post team-post col4-1 tf_overflow post-101 team type-team status-publish has-post-thumbnail hentry team-category-executive has-post-title has-post-date has-post-category has-post-tag has-post-comment has-post-author \">\n\t\n\t\t\t\t\t<figure class=\"post-image tf_clearfix\">\n\t\t\t    \t\t\t\t\t\t\t\t<a href=\"https:\/\/eskimoflip.de\/?team=david-white\">\n\t\t\t\t\t\t\t\t<img loading=\"lazy\" src=\"https:\/\/eskimoflip.de\/wp-content\/uploads\/2013\/05\/RobRock_200-150x150.jpg\" width=\"150\" height=\"150\" class=\"wp-post-image wp-image-475\" title=\"RobRock_200\" alt=\"RobRock_200\" srcset=\"https:\/\/eskimoflip.de\/wp-content\/uploads\/2013\/05\/RobRock_200-150x150.jpg 150w, https:\/\/eskimoflip.de\/wp-content\/uploads\/2013\/05\/RobRock_200-144x144.jpg 144w, https:\/\/eskimoflip.de\/wp-content\/uploads\/2013\/05\/RobRock_200.jpg 200w\" sizes=\"(max-width: 150px) 100vw, 150px\" \/>\t\t\t\t\t\t\t\t    \t\t\t\t<\/a>\n\t\t\t\t\t\t\t    \t\t\t<\/figure>\n\t\t\t\n\t<div class=\"post-content\">\n\n\t\t<p class=\"team-info\">\n\n\t\t\t\t\t\t\t\t\t\t\t<span class=\"team-name tf_block\">\n\t\t\t\t\t\t\t\t\t\t\t<a href=\"https:\/\/eskimoflip.de\/?team=david-white\" title=\"Rob Rock\">\t\t\t\t\t\t\tRob Rock\t\t\t\t\t\t<\/a>\t\t\t\t\t\t\t\t\t<\/span>\n\t\t\t\t\t\t\t\n\t\t\t\t\t\t\t<em class=\"team-title tf_block\">Trommler bzw. Cajoner<\/em>\n\t\t\t\n\t\t<\/p>\n\n\t\t\t\t<p class=\"team-social\">\n\t\t\t[ ? ]\t\t<\/p>\n\t\t<!-- \/.team-social -->\n\t\t\n\t\t\t<div class=\"entry-content\">\n\n        \n\t<\/div><!-- \/.entry-content -->\n\t\n\t\t\t\t<div class=\"skillset-wrap\">\n\t\t\t<div class=\"progress-bar-wrap tf_overflow\">\n\t\t\t\t<div class=\"progress-bar tf_rel tf_textl\">\n\t\t\t\t\t<i class=\"progress-bar-label\" style=\"color:#d5b000;\">P\u00fcnktlichkeit<\/i>\n\t\t\t\t\t<span class=\"progress-bar-bg\" data-percent=\"76%\" style=\"background-color:#d5b000;width:76%;\"><\/span>\n\t\t\t\t<\/div>\r\n<div class=\"progress-bar tf_rel tf_textl\">\n\t\t\t\t\t<i class=\"progress-bar-label\" style=\"color:#d5b000;\">Virtuosit\u00e4t<\/i>\n\t\t\t\t\t<span class=\"progress-bar-bg\" data-percent=\"89%\" style=\"background-color:#d5b000;width:89%;\"><\/span>\n\t\t\t\t<\/div>\r\n<div class=\"progress-bar tf_rel tf_textl\">\n\t\t\t\t\t<i class=\"progress-bar-label\" style=\"color:#d5b000;\">Jugendlichkeit<\/i>\n\t\t\t\t\t<span class=\"progress-bar-bg\" data-percent=\"69%\" style=\"background-color:#d5b000;width:69%;\"><\/span>\n\t\t\t\t<\/div>\t\t\t<\/div>\n\t\t<\/div>\n\t\t<!-- \/.skillset -->\n\t\t\n\t<\/div>\n\t\n<\/article>\n<!-- \/ .post -->\n<\/a><a href=\"https:\/\/eskimoflip.de\/?team=david-white\" title=\"Rob Rock\">\n<article id=\"team-102\" class=\"post team-post col4-1 tf_overflow post-102 team type-team status-publish has-post-thumbnail hentry team-category-executive has-post-title has-post-date has-post-category has-post-tag has-post-comment has-post-author \">\n\t\n\t\t\t\t\t<figure class=\"post-image tf_clearfix\">\n\t\t\t    \t\t\t\t\t\t\t\t<a href=\"https:\/\/eskimoflip.de\/?team=simone-stevens\">\n\t\t\t\t\t\t\t\t<img loading=\"lazy\" src=\"https:\/\/eskimoflip.de\/wp-content\/uploads\/2013\/05\/KrtekFlip_200-150x150.jpg\" width=\"150\" height=\"150\" class=\"wp-post-image wp-image-474\" title=\"KrtekFlip_200\" alt=\"KrtekFlip_200\" srcset=\"https:\/\/eskimoflip.de\/wp-content\/uploads\/2013\/05\/KrtekFlip_200-150x150.jpg 150w, https:\/\/eskimoflip.de\/wp-content\/uploads\/2013\/05\/KrtekFlip_200-144x144.jpg 144w, https:\/\/eskimoflip.de\/wp-content\/uploads\/2013\/05\/KrtekFlip_200.jpg 200w\" sizes=\"(max-width: 150px) 100vw, 150px\" \/>\t\t\t\t\t\t\t\t    \t\t\t\t<\/a>\n\t\t\t\t\t\t\t    \t\t\t<\/figure>\n\t\t\t\n\t<div class=\"post-content\">\n\n\t\t<p class=\"team-info\">\n\n\t\t\t\t\t\t\t\t\t\t\t<span class=\"team-name tf_block\">\n\t\t\t\t\t\t\t\t\t\t\t<a href=\"https:\/\/eskimoflip.de\/?team=simone-stevens\" title=\"Krtek Flip\">\t\t\t\t\t\t\tKrtek Flip\t\t\t\t\t\t<\/a>\t\t\t\t\t\t\t\t\t<\/span>\n\t\t\t\t\t\t\t\n\t\t\t\t\t\t\t<em class=\"team-title tf_block\">Klimperatur und Singsang<\/em>\n\t\t\t\n\t\t<\/p>\n\n\t\t\t\t<p class=\"team-social\">\n\t\t\t<a class=\"team-social-link\" href=\"http:\/\/twitter.com\/KrtekFlip\"><i><svg  aria-hidden=\"true\" class=\"tf_fa tf-fab-twitter\"><use href=\"#tf-fab-twitter\"><\/use><\/svg><\/i> <span class=\"screen-reader-text\"><i><svg  aria-hidden=\"true\" class=\"tf_fa tf-fab-twitter\"><use href=\"#tf-fab-twitter\"><\/use><\/svg><\/i><\/span><\/a>\r\n\r\n<a class=\"team-social-link\" href=\"https:\/\/www.facebook.com\/krtek.flip\"><i><svg  aria-hidden=\"true\" class=\"tf_fa tf-fab-facebook\"><use href=\"#tf-fab-facebook\"><\/use><\/svg><\/i> <span class=\"screen-reader-text\"><i><svg  aria-hidden=\"true\" class=\"tf_fa tf-fab-facebook\"><use href=\"#tf-fab-facebook\"><\/use><\/svg><\/i><\/span><\/a>\r\n\r\n<a class=\"team-social-link\" href=\"https:\/\/www.instagram.com\/krtek.flip\/\"><i><svg  aria-hidden=\"true\" class=\"tf_fa tf-fab-instagram\"><use href=\"#tf-fab-instagram\"><\/use><\/svg><\/i> <span class=\"screen-reader-text\"><i><svg  aria-hidden=\"true\" class=\"tf_fa tf-fab-instagram\"><use href=\"#tf-fab-instagram\"><\/use><\/svg><\/i><\/span><\/a>\t\t<\/p>\n\t\t<!-- \/.team-social -->\n\t\t\n\t\t\t<div class=\"entry-content\">\n\n        \n\t<\/div><!-- \/.entry-content -->\n\t\n\t\t\t\t<div class=\"skillset-wrap\">\n\t\t\t<div class=\"progress-bar-wrap tf_overflow\">\n\t\t\t\t<div class=\"progress-bar tf_rel tf_textl\">\n\t\t\t\t\t<i class=\"progress-bar-label\" style=\"color:#FF6700;\">P\u00fcnktlichkeit<\/i>\n\t\t\t\t\t<span class=\"progress-bar-bg\" data-percent=\"91%\" style=\"background-color:#FF6700;width:91%;\"><\/span>\n\t\t\t\t<\/div>\r\n<div class=\"progress-bar tf_rel tf_textl\">\n\t\t\t\t\t<i class=\"progress-bar-label\" style=\"color:#FF6700;\">Musiktheorie<\/i>\n\t\t\t\t\t<span class=\"progress-bar-bg\" data-percent=\"32%\" style=\"background-color:#FF6700;width:32%;\"><\/span>\n\t\t\t\t<\/div>\r\n<div class=\"progress-bar tf_rel tf_textl\">\n\t\t\t\t\t<i class=\"progress-bar-label\" style=\"color:#FF6700;\">Texterei<\/i>\n\t\t\t\t\t<span class=\"progress-bar-bg\" data-percent=\"97%\" style=\"background-color:#FF6700;width:97%;\"><\/span>\n\t\t\t\t<\/div>\t\t\t<\/div>\n\t\t<\/div>\n\t\t<!-- \/.skillset -->\n\t\t\n\t<\/div>\n\t\n<\/article>\n<!-- \/ .post -->\n<\/a><\/div><!--\/themify_builder_static--><!-- AddThis Advanced Settings generic via filter on the_content --><!-- AddThis Share Buttons generic via filter on the_content -->","protected":false},"excerpt":{"rendered":"<p>Wat spieln se so? Deutschsprachige S\u00e4nger-Liedschreiber-Popmusik Das lustige Lied Mal ironisch, fast zynisch, mal etwas abwegig, so sollte es in einem lustigen Lied von uns zugehen. Das melancholische Lied Emotion vor allem anderen; Das weltschmerzumfassende St\u00fcck versucht alle Druckstellen im Herz ausfindig zu machen und entsprechend zu bedienen&#8230; Das politische Lied Eines, welches sich mit [&hellip;]<!-- AddThis Advanced Settings generic via filter on get_the_excerpt --><!-- AddThis Share Buttons generic via filter on get_the_excerpt --><\/p>\n","protected":false},"author":1,"featured_media":0,"parent":0,"menu_order":0,"comment_status":"closed","ping_status":"closed","template":"","meta":[],"builder_content":"<h2 style=\"text-align: center;\">Wat spieln se so?<\/h2> <h3 style=\"text-align: center;\">Deutschsprachige S\u00e4nger-Liedschreiber-Popmusik<\/h3>\n<svg> <circle r=\"calc(50% - 1px)\" cx=\"50%\" cy=\"50%\" stroke-width=\"2\"\/> <circle r=\"calc(50% - 1px)\" cx=\"50%\" cy=\"50%\" stroke=\"#ffffff\" stroke-width=\"2\" data-progress=\"80\" stroke-dasharray=\"0,10000\"\/> <\/svg> <img style=\"width:calc(100% - 4px);height:calc(100% - 4px)\" src=\"https:\/\/eskimoflip.de\/wp-content\/uploads\/2020\/01\/Icon-Lustig.png\" alt=\"Das lustige Lied\"> \n <h3> Das lustige Lied <\/h3> <p>Mal ironisch, fast zynisch, mal etwas abwegig, so sollte es in einem lustigen Lied von uns zugehen.<\/p>\n<svg> <circle r=\"calc(50% - 1px)\" cx=\"50%\" cy=\"50%\" stroke-width=\"2\"\/> <circle r=\"calc(50% - 1px)\" cx=\"50%\" cy=\"50%\" stroke=\"#ffffff\" stroke-width=\"2\" data-progress=\"50\" stroke-dasharray=\"0,10000\"\/> <\/svg> <img style=\"width:calc(100% - 4px);height:calc(100% - 4px)\" src=\"https:\/\/eskimoflip.de\/wp-content\/uploads\/2020\/01\/Icon-Traurig.png\" alt=\"Das melancholische Lied\"> \n <h3> Das melancholische Lied <\/h3> <p>Emotion vor allem anderen; Das weltschmerzumfassende St\u00fcck versucht alle Druckstellen im Herz ausfindig zu machen und entsprechend zu bedienen...<\/p>\n<svg> <circle r=\"calc(50% - 1px)\" cx=\"50%\" cy=\"50%\" stroke-width=\"2\"\/> <circle r=\"calc(50% - 1px)\" cx=\"50%\" cy=\"50%\" stroke=\"#ffffff\" stroke-width=\"2\" data-progress=\"100\" stroke-dasharray=\"0,10000\"\/> <\/svg> <img style=\"width:calc(100% - 4px);height:calc(100% - 4px)\" src=\"https:\/\/eskimoflip.de\/wp-content\/uploads\/2020\/01\/Icon-Totenkopf.png\" alt=\"Das politische Lied\"> \n <h3> Das politische Lied <\/h3> <p>Eines, welches sich mit den uns umgebenden politischen Ereignissen und gesellschaftlichen Zusammenh\u00e4ngen besch\u00e4ftigt, kommentierend, mahnend, zweifelnd...<\/p>\n<svg> <circle r=\"calc(50% - 1px)\" cx=\"50%\" cy=\"50%\" stroke-width=\"2\"\/> <circle r=\"calc(50% - 1px)\" cx=\"50%\" cy=\"50%\" stroke=\"#ffffff\" stroke-width=\"2\" data-progress=\"60\" stroke-dasharray=\"0,10000\"\/> <\/svg> <img style=\"width:calc(100% - 4px);height:calc(100% - 4px)\" src=\"https:\/\/eskimoflip.de\/wp-content\/uploads\/2020\/01\/Icon-Alien.png\" alt=\"Das textlose Lied\"> \n <h3> Das textlose Lied <\/h3> <p>Als reines Musikst\u00fcck, welches ausschlie\u00dflich konzeptionell und nicht etwas umst\u00e4ndehalber ohne Text dargeboten wird - wird es bei uns kaum zu finden sein.<\/p>\n<h2 style=\"text-align: center;\">Kurze Pause - kurz atmen.<\/h2> <h3 style=\"text-align: center;\">Die Seite geht noch weiter<\/h3>\n<h2 style=\"text-align: center;\">Bissl was f\u00fcr's Auge und die Ohren<\/h2> <h3 style=\"text-align: center;\">Text, Bild und Ton<\/h3> <h3 style=\"text-align: center;\">k\u00f6nnten sich lohnen!<\/h3>\n<p>[themify_portfolio_posts category=\"photos\" limit=\"8\" style=\"grid4\" title=\"yes\" post_meta=\"no\" post_date=\"no\"]<\/p>\n<a href=\"https:\/\/eskimoflip.de\/?page_id=496\" > Songtextausz\u00fcge <\/a>\n<h4 style=\"text-align: center;\"><strong>Booking!<\/strong><\/h4> <h2 style=\"text-align: center;\">Wir spielen vielleicht mal wieder ein Konzert.<\/h2> <h3 style=\"text-align: center;\">Wer sich jetzt und hier Bereit erkl\u00e4rt, sich in der Riege der Eskimoflip-Fans der ersten Stunde einzureihen, uns auf dem Weg nach ganz oben, aber vor allem auch auf dem Weg zur\u00fcck nach hier unten die Treue zu halten, den k\u00f6nnten wir sicherlich mit etwas Live-Musik bedenken....<\/h3>\n<p>Am Besten Ihr schreibt uns kurzerhand an unsere\u00a0<strong><a href=\"mailto:info@eskimoflip.de\">Eskimoflip Bandmail<\/a><\/strong><\/p>\n<h2 style=\"text-align: center;\">Aktuelle Bandparameter<\/h2> <h3 style=\"text-align: center;\">Mehrfach t\u00e4glich via Real Time Musician Live Detection System (\"RTMLDS\") ermittelt:<\/h3>\n<p>[progress_bar label=\"Melancholie\" color=\"#000000\" percentage=\"35\"]<\/p> <p>[progress_bar label=\"Probelevel\" color=\"#8d69c6\" percentage=\"65\"]<\/p> <p>[progress_bar label=\"Orchestralit\u00e4t\" color=\"#fffa61\" percentage=\"3\"]<\/p> <p>[progress_bar label=\"Songwriting\" color=\"#ff612a\" percentage=\"85\"]<\/p> <p>[progress_bar label=\"Spa\u00dflevel\" color=\"#ff0000\" percentage=\"100\"]<\/p>\n<h2 style=\"text-align: center;\">Die Band<\/h2> <h3 style=\"text-align: center;\">besteht aktuell aus folgenden Mitgliedern:<\/h3>\n<p>[themify_team_posts style=\"grid4\" limit=\"4\" image_w=\"150\" image_h=\"150\" display=\"none\"]<\/p>","_links":{"self":[{"href":"https:\/\/eskimoflip.de\/index.php?rest_route=\/wp\/v2\/pages\/55"}],"collection":[{"href":"https:\/\/eskimoflip.de\/index.php?rest_route=\/wp\/v2\/pages"}],"about":[{"href":"https:\/\/eskimoflip.de\/index.php?rest_route=\/wp\/v2\/types\/page"}],"author":[{"embeddable":true,"href":"https:\/\/eskimoflip.de\/index.php?rest_route=\/wp\/v2\/users\/1"}],"replies":[{"embeddable":true,"href":"https:\/\/eskimoflip.de\/index.php?rest_route=%2Fwp%2Fv2%2Fcomments&post=55"}],"version-history":[{"count":39,"href":"https:\/\/eskimoflip.de\/index.php?rest_route=\/wp\/v2\/pages\/55\/revisions"}],"predecessor-version":[{"id":510,"href":"https:\/\/eskimoflip.de\/index.php?rest_route=\/wp\/v2\/pages\/55\/revisions\/510"}],"wp:attachment":[{"href":"https:\/\/eskimoflip.de\/index.php?rest_route=%2Fwp%2Fv2%2Fmedia&parent=55"}],"curies":[{"name":"wp","href":"https:\/\/api.w.org\/{rel}","templated":true}]}}